{"id":612,"date":"2016-03-07T03:11:04","date_gmt":"2016-03-07T03:11:04","guid":{"rendered":"https:\/\/www.gavias-theme.com\/wp\/codesk\/?page_id=612"},"modified":"2025-03-22T10:21:52","modified_gmt":"2025-03-22T09:21:52","slug":"o-nama","status":"publish","type":"page","link":"https:\/\/siongard.com\/en\/o-nama\/","title":{"rendered":"About us"},"content":{"rendered":"<div data-elementor-type=\"wp-post\" data-elementor-id=\"612\" class=\"elementor elementor-612\">\n\t\t\t\t\t\t<section class=\"elementor-section elementor-top-section elementor-element elementor-element-22f elementor-section-boxed elementor-section-height-default elementor-section-height-default\" data-id=\"22f\" data-element_type=\"section\" data-settings=\"{&quot;background_background&quot;:&quot;classic&quot;}\">\n\t\t\t\t\t\t<div class=\"elementor-container elementor-column-gap-default\">\n\t\t\t\t\t<div class=\"elementor-column elementor-col-50 elementor-top-column elementor-element elementor-element-5e0d column-style-top\" data-id=\"5e0d\" data-element_type=\"column\">\n\t\t\t<div class=\"elementor-widget-wrap elementor-element-populated\">\n\t\t\t\t\t\t<div class=\"elementor-element elementor-element-256de25 elementor-arrows-position-inside elementor-pagination-position-outside elementor-widget elementor-widget-image-carousel\" data-id=\"256de25\" data-element_type=\"widget\" data-settings=\"{&quot;slides_to_show&quot;:&quot;1&quot;,&quot;autoplay_speed&quot;:3000,&quot;navigation&quot;:&quot;both&quot;,&quot;autoplay&quot;:&quot;yes&quot;,&quot;pause_on_hover&quot;:&quot;yes&quot;,&quot;pause_on_interaction&quot;:&quot;yes&quot;,&quot;infinite&quot;:&quot;yes&quot;,&quot;effect&quot;:&quot;slide&quot;,&quot;speed&quot;:500}\" data-widget_type=\"image-carousel.default\">\n\t\t\t\t<div class=\"elementor-widget-container\">\n\t\t\t\t\t\t\t<div class=\"elementor-image-carousel-wrapper swiper\" role=\"region\" aria-roledescription=\"carousel\" aria-label=\"Vrte\u0161ka slika\" dir=\"ltr\">\n\t\t\t<div class=\"elementor-image-carousel swiper-wrapper\" aria-live=\"off\">\n\t\t\t\t\t\t\t\t<div class=\"swiper-slide\" role=\"group\" aria-roledescription=\"slide\" aria-label=\"1 of 7\"><figure class=\"swiper-slide-inner\"><img decoding=\"async\" class=\"swiper-slide-image\" src=\"https:\/\/siongard.com\/wp-content\/uploads\/2025\/03\/o-nama-slajder-slika-1.webp\" alt=\"o nama slajder slika 1\" \/><\/figure><\/div><div class=\"swiper-slide\" role=\"group\" aria-roledescription=\"slide\" aria-label=\"2 of 7\"><figure class=\"swiper-slide-inner\"><img decoding=\"async\" class=\"swiper-slide-image\" src=\"https:\/\/siongard.com\/wp-content\/uploads\/2025\/03\/o-nama-slajder-slika-5.webp\" alt=\"o nama slajder slika 5\" \/><\/figure><\/div><div class=\"swiper-slide\" role=\"group\" aria-roledescription=\"slide\" aria-label=\"3 of 7\"><figure class=\"swiper-slide-inner\"><img decoding=\"async\" class=\"swiper-slide-image\" src=\"https:\/\/siongard.com\/wp-content\/uploads\/2025\/03\/o-nama-slajder-slika-3.webp\" alt=\"o nama slajder slika 3\" \/><\/figure><\/div><div class=\"swiper-slide\" role=\"group\" aria-roledescription=\"slide\" aria-label=\"4 of 7\"><figure class=\"swiper-slide-inner\"><img decoding=\"async\" class=\"swiper-slide-image\" src=\"https:\/\/siongard.com\/wp-content\/uploads\/2025\/03\/o-nama-slajder-slika-2.webp\" alt=\"o nama slajder slika 2\" \/><\/figure><\/div><div class=\"swiper-slide\" role=\"group\" aria-roledescription=\"slide\" aria-label=\"5 of 7\"><figure class=\"swiper-slide-inner\"><img decoding=\"async\" class=\"swiper-slide-image\" src=\"https:\/\/siongard.com\/wp-content\/uploads\/2025\/03\/o-nama-slajder-slika-6.webp\" alt=\"o nama slajder slika 6\" \/><\/figure><\/div><div class=\"swiper-slide\" role=\"group\" aria-roledescription=\"slide\" aria-label=\"6 of 7\"><figure class=\"swiper-slide-inner\"><img decoding=\"async\" class=\"swiper-slide-image\" src=\"https:\/\/siongard.com\/wp-content\/uploads\/2025\/03\/o-nama-1.jpg\" alt=\"o nama (1)\" \/><\/figure><\/div><div class=\"swiper-slide\" role=\"group\" aria-roledescription=\"slide\" aria-label=\"7 of 7\"><figure class=\"swiper-slide-inner\"><img decoding=\"async\" class=\"swiper-slide-image\" src=\"https:\/\/siongard.com\/wp-content\/uploads\/2025\/03\/o-nama.jpg\" alt=\"o nama\" \/><\/figure><\/div>\t\t\t<\/div>\n\t\t\t\t\t\t\t\t\t\t\t\t<div class=\"elementor-swiper-button elementor-swiper-button-prev\" role=\"button\" tabindex=\"0\">\n\t\t\t\t\t\t<i aria-hidden=\"true\" class=\"eicon-chevron-left\"><\/i>\t\t\t\t\t<\/div>\n\t\t\t\t\t<div class=\"elementor-swiper-button elementor-swiper-button-next\" role=\"button\" tabindex=\"0\">\n\t\t\t\t\t\t<i aria-hidden=\"true\" class=\"eicon-chevron-right\"><\/i>\t\t\t\t\t<\/div>\n\t\t\t\t\n\t\t\t\t\t\t\t\t\t<div class=\"swiper-pagination\"><\/div>\n\t\t\t\t\t\t\t\t\t<\/div>\n\t\t\t\t\t\t<\/div>\n\t\t\t\t<\/div>\n\t\t\t\t\t<\/div>\n\t\t<\/div>\n\t\t\t\t<div class=\"elementor-column elementor-col-50 elementor-top-column elementor-element elementor-element-280e column-style-top\" data-id=\"280e\" data-element_type=\"column\">\n\t\t\t<div class=\"elementor-widget-wrap elementor-element-populated\">\n\t\t\t\t\t\t<div class=\"elementor-element elementor-element-31c2 elementor-widget elementor-widget-gva-heading-block\" data-id=\"31c2\" data-element_type=\"widget\" data-widget_type=\"gva-heading-block.default\">\n\t\t\t\t<div class=\"elementor-widget-container\">\n\t\t\t\t\t<div class=\"gva-element-gva-heading-block gva-element\">   <div class=\"align-left style-1 widget gsc-heading\">\r\n      <div class=\"content-inner\">\r\n         \r\n                  \r\n           \r\n         \r\n                     <h2 class=\"title\">\r\n               <span>Meet our company<\/span>\r\n            <\/h2>\r\n                              <div class=\"title-desc\">SION GARD LLC is recognized as one of the most experienced companies in providing services in the field of physical and technical security and related activities. Today, we hold a leading position in our market due to our highly professional and dedicated approach to our clients. We follow modern business trends, apply new technologies, invest in the development of business processes and personnel, but we stick to our old principle \u2013 loyalty, discretion, and client satisfaction are our top priorities.<\/div>\r\n         \r\n         \r\n      <\/div>\r\n   <\/div>\r\n   <div class=\"clearfix\"><\/div>\r\n<\/div>\t\t\t\t<\/div>\n\t\t\t\t<\/div>\n\t\t\t\t\t<\/div>\n\t\t<\/div>\n\t\t\t\t\t<\/div>\n\t\t<\/section>\n\t\t\t\t<section class=\"elementor-section elementor-top-section elementor-element elementor-element-7dc0 elementor-section-boxed elementor-section-height-default elementor-section-height-default\" data-id=\"7dc0\" data-element_type=\"section\" data-settings=\"{&quot;background_background&quot;:&quot;classic&quot;}\">\n\t\t\t\t\t\t<div class=\"elementor-container elementor-column-gap-default\">\n\t\t\t\t\t<div class=\"elementor-column elementor-col-50 elementor-top-column elementor-element elementor-element-5bfd column-style-top\" data-id=\"5bfd\" data-element_type=\"column\">\n\t\t\t<div class=\"elementor-widget-wrap elementor-element-populated\">\n\t\t\t\t\t\t<div class=\"elementor-element elementor-element-3054 elementor-widget elementor-widget-gva-heading-block\" data-id=\"3054\" data-element_type=\"widget\" data-widget_type=\"gva-heading-block.default\">\n\t\t\t\t<div class=\"elementor-widget-container\">\n\t\t\t\t\t<div class=\"gva-element-gva-heading-block gva-element\">   <div class=\"align-left style-1 widget gsc-heading\">\r\n      <div class=\"content-inner\">\r\n         \r\n                  \r\n           \r\n         \r\n                     <h2 class=\"title\">\r\n               <span>Our partners:<\/span>\r\n            <\/h2>\r\n                  \r\n         \r\n      <\/div>\r\n   <\/div>\r\n   <div class=\"clearfix\"><\/div>\r\n<\/div>\t\t\t\t<\/div>\n\t\t\t\t<\/div>\n\t\t\t\t\t<\/div>\n\t\t<\/div>\n\t\t\t\t<div class=\"elementor-column elementor-col-50 elementor-top-column elementor-element elementor-element-343 column-style-top\" data-id=\"343\" data-element_type=\"column\">\n\t\t\t<div class=\"elementor-widget-wrap elementor-element-populated\">\n\t\t\t\t\t\t<div class=\"elementor-element elementor-element-70f2 elementor-widget elementor-widget-gva-brand\" data-id=\"70f2\" data-element_type=\"widget\" data-widget_type=\"gva-brand.default\">\n\t\t\t\t<div class=\"elementor-widget-container\">\n\t\t\t\t\t<div class=\"gva-element-gva-brand gva-element\">   <div class=\"gva-brand-carousel style-1\">\r\n      <div class=\"init-carousel-owl owl-carousel\" data-items=\"3\" data-items_lg=\"3\" data-items_md=\"3\" data-items_sm=\"2\" data-items_xs=\"1\" data-loop=\"1\" data-speed=\"800\" data-auto_play=\"1\" data-auto_play_speed=\"800\" data-auto_play_timeout=\"6000\" data-auto_play_hover=\"1\" data-navigation=\"1\" data-pagination=\"0\" data-mouse_drag=\"1\" data-touch_drag=\"1\" >\r\n                                 <div class=\"item brand-item\">               <div class=\"brand-item-content\">\r\n                  <span >\r\n                  <img decoding=\"async\" src=\"https:\/\/siongard.com\/wp-content\/uploads\/2022\/10\/dahua.png\" title=\"dahua\" alt=\"dahua\" loading=\"lazy\" \/>                  <\/span>\r\n               <\/div>\r\n\r\n                                                            <div class=\"brand-item-content\">\r\n                  <span >\r\n                  <img decoding=\"async\" src=\"https:\/\/siongard.com\/wp-content\/uploads\/2022\/10\/ajax-alarmni-sistem.png\" title=\"ajax alarmni sistem\" alt=\"ajax alarmni sistem\" loading=\"lazy\" \/>                  <\/span>\r\n               <\/div>\r\n\r\n            <\/div>                                 <div class=\"item brand-item\">               <div class=\"brand-item-content\">\r\n                  <span >\r\n                  <img decoding=\"async\" src=\"https:\/\/siongard.com\/wp-content\/uploads\/2022\/10\/paradox-alarm.png\" title=\"paradox alarm\" alt=\"paradox alarm\" loading=\"lazy\" \/>                  <\/span>\r\n               <\/div>\r\n\r\n                                                            <div class=\"brand-item-content\">\r\n                  <span >\r\n                  <img decoding=\"async\" src=\"https:\/\/siongard.com\/wp-content\/uploads\/2022\/10\/jantar.png\" title=\"jantar\" alt=\"jantar\" loading=\"lazy\" \/>                  <\/span>\r\n               <\/div>\r\n\r\n            <\/div>                                 <div class=\"item brand-item\">               <div class=\"brand-item-content\">\r\n                  <span >\r\n                  <img decoding=\"async\" src=\"https:\/\/siongard.com\/wp-content\/uploads\/2022\/10\/hikvision.png\" title=\"hikvision\" alt=\"hikvision\" loading=\"lazy\" \/>                  <\/span>\r\n               <\/div>\r\n\r\n                                                            <div class=\"brand-item-content\">\r\n                  <span >\r\n                  <img decoding=\"async\" src=\"https:\/\/siongard.com\/wp-content\/uploads\/2022\/10\/jablotron.png\" title=\"jablotron\" alt=\"jablotron\" loading=\"lazy\" \/>                  <\/span>\r\n               <\/div>\r\n\r\n            <\/div>               <\/div>\r\n   <\/div>\r\n\r\n<\/div>\t\t\t\t<\/div>\n\t\t\t\t<\/div>\n\t\t\t\t\t<\/div>\n\t\t<\/div>\n\t\t\t\t\t<\/div>\n\t\t<\/section>\n\t\t\t\t<section class=\"elementor-section elementor-top-section elementor-element elementor-element-552f elementor-section-boxed elementor-section-height-default elementor-section-height-default\" data-id=\"552f\" data-element_type=\"section\" data-settings=\"{&quot;background_background&quot;:&quot;classic&quot;}\">\n\t\t\t\t\t\t<div class=\"elementor-container elementor-column-gap-default\">\n\t\t\t\t\t<div class=\"elementor-column elementor-col-50 elementor-top-column elementor-element elementor-element-1a10 column-style-top\" data-id=\"1a10\" data-element_type=\"column\">\n\t\t\t<div class=\"elementor-widget-wrap elementor-element-populated\">\n\t\t\t\t\t\t<div class=\"elementor-element elementor-element-1ed3 elementor-widget elementor-widget-gva-heading-block\" data-id=\"1ed3\" data-element_type=\"widget\" data-widget_type=\"gva-heading-block.default\">\n\t\t\t\t<div class=\"elementor-widget-container\">\n\t\t\t\t\t<div class=\"gva-element-gva-heading-block gva-element\">   <div class=\"align-left style-1 widget gsc-heading\">\r\n      <div class=\"content-inner\">\r\n         \r\n                  \r\n           \r\n         \r\n                     <h2 class=\"title\">\r\n               <span>The quality of the services provided and customer satisfaction are our top priorities<\/span>\r\n            <\/h2>\r\n                  \r\n         \r\n      <\/div>\r\n   <\/div>\r\n   <div class=\"clearfix\"><\/div>\r\n<\/div>\t\t\t\t<\/div>\n\t\t\t\t<\/div>\n\t\t\t\t\t<\/div>\n\t\t<\/div>\n\t\t\t\t<div class=\"elementor-column elementor-col-50 elementor-top-column elementor-element elementor-element-670e column-style-top\" data-id=\"670e\" data-element_type=\"column\">\n\t\t\t<div class=\"elementor-widget-wrap elementor-element-populated\">\n\t\t\t\t\t\t<div class=\"elementor-element elementor-element-2909 elementor-widget elementor-widget-gva-video-box\" data-id=\"2909\" data-element_type=\"widget\" data-widget_type=\"gva-video-box.default\">\n\t\t\t\t<div class=\"elementor-widget-container\">\n\t\t\t\t\t<div class=\"gva-element-gva-video-box gva-element\">\r\n         <div class=\"widget gsc-video-box clearfix style-1\">\r\n         <div class=\"video-inner\">\r\n            <span class=\"video-action\">\r\n                                 <a href=\"https:\/\/siongard.com\/folder\/lv_0_20250322010537.mp4\" class=\"popup-video\" target=\"_blank\"><span><i class=\"fa fa-play\"><\/i><\/span><\/a>\r\n                 \r\n            <\/span>    \r\n         <\/div>\r\n      <\/div> \r\n   \r\n   <\/div>\t\t\t\t<\/div>\n\t\t\t\t<\/div>\n\t\t\t\t\t<\/div>\n\t\t<\/div>\n\t\t\t\t\t<\/div>\n\t\t<\/section>\n\t\t\t\t<section class=\"elementor-section elementor-top-section elementor-element elementor-element-154b elementor-section-boxed elementor-section-height-default elementor-section-height-default\" data-id=\"154b\" data-element_type=\"section\" data-settings=\"{&quot;background_background&quot;:&quot;classic&quot;}\">\n\t\t\t\t\t\t<div class=\"elementor-container elementor-column-gap-default\">\n\t\t\t\t\t<div class=\"elementor-column elementor-col-100 elementor-top-column elementor-element elementor-element-661a column-style-top\" data-id=\"661a\" data-element_type=\"column\">\n\t\t\t<div class=\"elementor-widget-wrap elementor-element-populated\">\n\t\t\t\t\t\t<div class=\"elementor-element elementor-element-4cc5 elementor-widget elementor-widget-gva-heading-block\" data-id=\"4cc5\" data-element_type=\"widget\" data-widget_type=\"gva-heading-block.default\">\n\t\t\t\t<div class=\"elementor-widget-container\">\n\t\t\t\t\t<div class=\"gva-element-gva-heading-block gva-element\">   <div class=\"align-center style-1 widget gsc-heading\">\r\n      <div class=\"content-inner\">\r\n         \r\n                  \r\n           \r\n         \r\n                     <h2 class=\"title\">\r\n               <span>What others say about us<\/span>\r\n            <\/h2>\r\n                  \r\n         \r\n      <\/div>\r\n   <\/div>\r\n   <div class=\"clearfix\"><\/div>\r\n<\/div>\t\t\t\t<\/div>\n\t\t\t\t<\/div>\n\t\t\t\t\t<\/div>\n\t\t<\/div>\n\t\t\t\t\t<\/div>\n\t\t<\/section>\n\t\t\t\t<section class=\"elementor-section elementor-top-section elementor-element elementor-element-41d4 elementor-section-boxed elementor-section-height-default elementor-section-height-default\" data-id=\"41d4\" data-element_type=\"section\" data-settings=\"{&quot;background_background&quot;:&quot;classic&quot;}\">\n\t\t\t\t\t\t<div class=\"elementor-container elementor-column-gap-default\">\n\t\t\t\t\t<div class=\"elementor-column elementor-col-100 elementor-top-column elementor-element elementor-element-3b27 column-style-top\" data-id=\"3b27\" data-element_type=\"column\">\n\t\t\t<div class=\"elementor-widget-wrap elementor-element-populated\">\n\t\t\t\t\t\t<div class=\"elementor-element elementor-element-49e6 elementor-widget elementor-widget-gva-testimonials\" data-id=\"49e6\" data-element_type=\"widget\" data-widget_type=\"gva-testimonials.default\">\n\t\t\t\t<div class=\"elementor-widget-container\">\n\t\t\t\t\t<div class=\"gva-element-gva-testimonials gva-element\">   \r\n   <div class=\"gva-testimonial-carousel style-1\">\r\n      <div class=\"init-carousel-owl owl-carousel\" data-items=\"3\" data-items_lg=\"3\" data-items_md=\"3\" data-items_sm=\"2\" data-items_xs=\"1\" data-loop=\"1\" data-speed=\"800\" data-auto_play=\"1\" data-auto_play_speed=\"800\" data-auto_play_timeout=\"6000\" data-auto_play_hover=\"1\" data-navigation=\"1\" data-pagination=\"0\" data-mouse_drag=\"1\" data-touch_drag=\"1\" >\r\n                                 <div class=\"item testimonial-item\">\r\n               <span class=\"quote-icon\">\u201c<\/span>\r\n               <div class=\"testimonial-content\">\r\n                  I would like to take this opportunity to commend the security staff of Real Estate Cadastre Service Savski Venac, especially Suzana Kne\u017eevi\u0107. She is responsible, polite, very skilled, and always helps her colleagues. As a team, we would like these security personnel to remain in our service.               <\/div>\r\n               <div class=\"testimonial-meta\">\r\n                  <div class=\"testimonial-information\">\r\n                     <span class=\"testimonial-name\">Sne\u017eana \u0106iri\u0107 <\/span>\r\n                     <span class=\"testimonial-job\">Geographer<\/span>\r\n                  <\/div>\r\n                  <div class=\"testimonial-image\">\r\n                     <img decoding=\"async\" src=\"https:\/\/siongard.com\/wp-content\/uploads\/2022\/10\/logo-stit-prikaz-75.png\" alt=\"\" \/>\r\n                  <\/div>\r\n               <\/div>\r\n            <\/div>\r\n                                 <div class=\"item testimonial-item\">\r\n               <span class=\"quote-icon\">\u201c<\/span>\r\n               <div class=\"testimonial-content\">\r\n                  I just wanted to take the opportunity to praise your colleague Aleksandar Toma\u0161evi\u0107 for his utmost professionalism and kindness at the New Belgrade Cadastre office. SION Gard has once again demonstrated professionalism and courtesy.\n               <\/div>\r\n               <div class=\"testimonial-meta\">\r\n                  <div class=\"testimonial-information\">\r\n                     <span class=\"testimonial-name\">Aleksandar Tiringer<\/span>\r\n                     <span class=\"testimonial-job\">a client<\/span>\r\n                  <\/div>\r\n                  <div class=\"testimonial-image\">\r\n                     <img decoding=\"async\" src=\"https:\/\/siongard.com\/wp-content\/uploads\/2022\/10\/logo-stit-prikaz-75.png\" alt=\"\" \/>\r\n                  <\/div>\r\n               <\/div>\r\n            <\/div>\r\n                                 <div class=\"item testimonial-item\">\r\n               <span class=\"quote-icon\">\u201c<\/span>\r\n               <div class=\"testimonial-content\">\r\n                  Our member, Vojislav Dragojevi\u0107, a blind individual, expressed his desire to thank your security staff for their assistance. He left the cadastral office very satisfied and informed us about the positive experience. We would like to extend our gratitude to you on his behalf.               <\/div>\r\n               <div class=\"testimonial-meta\">\r\n                  <div class=\"testimonial-information\">\r\n                     <span class=\"testimonial-name\">Savo Veselinovi\u0107<\/span>\r\n                     <span class=\"testimonial-job\">MUNICIPAL ORGANIZATION OF THE UNION OF THE BLIND OF SERBIA P A L I L U L A<\/span>\r\n                  <\/div>\r\n                  <div class=\"testimonial-image\">\r\n                     <img decoding=\"async\" src=\"https:\/\/siongard.com\/wp-content\/uploads\/2022\/10\/logo-stit-prikaz-75.png\" alt=\"\" \/>\r\n                  <\/div>\r\n               <\/div>\r\n            <\/div>\r\n                                 <div class=\"item testimonial-item\">\r\n               <span class=\"quote-icon\">\u201c<\/span>\r\n               <div class=\"testimonial-content\">\r\n                  I am extremely satisfied with the professionalism of the entire SION Gard team. All praises for their working method as well as their approach towards clients.               <\/div>\r\n               <div class=\"testimonial-meta\">\r\n                  <div class=\"testimonial-information\">\r\n                     <span class=\"testimonial-name\">Milo\u0161 Leki\u0107<\/span>\r\n                     <span class=\"testimonial-job\">Attorney\u2019s office LEKI\u0106<\/span>\r\n                  <\/div>\r\n                  <div class=\"testimonial-image\">\r\n                     <img decoding=\"async\" src=\"https:\/\/siongard.com\/wp-content\/uploads\/2022\/10\/logo-stit-prikaz-75.png\" alt=\"\" \/>\r\n                  <\/div>\r\n               <\/div>\r\n            <\/div>\r\n                                 <div class=\"item testimonial-item\">\r\n               <span class=\"quote-icon\">\u201c<\/span>\r\n               <div class=\"testimonial-content\">\r\n                  I would like to praise SION Gard for its exceptional cooperation and enormous contribution to the municipality of Medve\u0111a. It is a great pleasure to cooperate with such a company, and I would always respond to the invitation for any subsequent cooperation.               <\/div>\r\n               <div class=\"testimonial-meta\">\r\n                  <div class=\"testimonial-information\">\r\n                     <span class=\"testimonial-name\">Kuli\u0107 Dragan<\/span>\r\n                     <span class=\"testimonial-job\">Mayor of Medve\u0111a<\/span>\r\n                  <\/div>\r\n                  <div class=\"testimonial-image\">\r\n                     <img decoding=\"async\" src=\"https:\/\/siongard.com\/wp-content\/uploads\/2022\/10\/logo-stit-prikaz-75.png\" alt=\"\" \/>\r\n                  <\/div>\r\n               <\/div>\r\n            <\/div>\r\n               <\/div>\r\n   <\/div>\r\n   <\/div>\t\t\t\t<\/div>\n\t\t\t\t<\/div>\n\t\t\t\t\t<\/div>\n\t\t<\/div>\n\t\t\t\t\t<\/div>\n\t\t<\/section>\n\t\t\t\t<\/div>","protected":false},"excerpt":{"rendered":"<p>Upoznajte na\u0161u kompaniju SION GARD d.o.o se svrstava u privredna dru\u0161tva sa najdu\u017eim iskustvom u pru\u017eanju usluga iz oblasti fizi\u010dko-tehni\u010dke za\u0161tite i drugim srodnim delatnostima. Danas zauzimamo lidersku poziciju na [&hellip;]<\/p>","protected":false},"author":7,"featured_media":0,"parent":0,"menu_order":0,"comment_status":"closed","ping_status":"closed","template":"","meta":{"footnotes":""},"class_list":["post-612","page","type-page","status-publish","hentry"],"_links":{"self":[{"href":"https:\/\/siongard.com\/en\/wp-json\/wp\/v2\/pages\/612","targetHints":{"allow":["GET"]}}],"collection":[{"href":"https:\/\/siongard.com\/en\/wp-json\/wp\/v2\/pages"}],"about":[{"href":"https:\/\/siongard.com\/en\/wp-json\/wp\/v2\/types\/page"}],"author":[{"embeddable":true,"href":"https:\/\/siongard.com\/en\/wp-json\/wp\/v2\/users\/7"}],"replies":[{"embeddable":true,"href":"https:\/\/siongard.com\/en\/wp-json\/wp\/v2\/comments?post=612"}],"version-history":[{"count":108,"href":"https:\/\/siongard.com\/en\/wp-json\/wp\/v2\/pages\/612\/revisions"}],"predecessor-version":[{"id":9556,"href":"https:\/\/siongard.com\/en\/wp-json\/wp\/v2\/pages\/612\/revisions\/9556"}],"wp:attachment":[{"href":"https:\/\/siongard.com\/en\/wp-json\/wp\/v2\/media?parent=612"}],"curies":[{"name":"wp","href":"https:\/\/api.w.org\/{rel}","templated":true}]}}