{"id":8521,"date":"2022-10-20T17:26:09","date_gmt":"2022-10-20T15:26:09","guid":{"rendered":"https:\/\/siongard.com\/?page_id=8521"},"modified":"2023-09-19T18:41:42","modified_gmt":"2023-09-19T17:41:42","slug":"javne-nabavke","status":"publish","type":"page","link":"https:\/\/siongard.com\/en\/javne-nabavke\/","title":{"rendered":"Javne nabavke"},"content":{"rendered":"<div data-elementor-type=\"wp-post\" data-elementor-id=\"8521\" class=\"elementor elementor-8521\">\n\t\t\t\t\t\t<section class=\"elementor-section elementor-top-section elementor-element elementor-element-f128c41 elementor-section-boxed elementor-section-height-default elementor-section-height-default\" data-id=\"f128c41\" data-element_type=\"section\">\n\t\t\t\t\t\t<div class=\"elementor-container elementor-column-gap-default\">\n\t\t\t\t\t<div class=\"elementor-column elementor-col-100 elementor-top-column elementor-element elementor-element-97e4865 column-style-top\" data-id=\"97e4865\" data-element_type=\"column\">\n\t\t\t<div class=\"elementor-widget-wrap elementor-element-populated\">\n\t\t\t\t\t\t<div class=\"elementor-element elementor-element-3682fb4 elementor-widget elementor-widget-gva-icon-box-styles\" data-id=\"3682fb4\" data-element_type=\"widget\" data-widget_type=\"gva-icon-box-styles.default\">\n\t\t\t\t<div class=\"elementor-widget-container\">\n\t\t\t\t\t<div class=\"gva-element-gva-icon-box-styles gva-element\">\r\n         <div class=\"widget gsc-icon-box-styles style-1\">\r\n         <div class=\"icon-box-top\">\r\n                           <div class=\"icon-inner\">\r\n                          <a href=\"https:\/\/siongard.com\/folder\/sertifikat-o-fizickoj-zastiti.pdf\">\r\n                             <span class=\"box-icon\">\r\n                        <i aria-hidden=\"true\" class=\"far fa-file-pdf\"><\/i>                     <\/span>\r\n                  <\/a>               <\/div>\r\n            \r\n                           <h3 class=\"title\">\r\n                          <a href=\"https:\/\/siongard.com\/folder\/sertifikat-o-fizickoj-zastiti.pdf\">\r\n                             Sertifikat - Fizi\u010dka lica                  <\/a>               <\/h3>\r\n                     <\/div>   \r\n      <\/div> \r\n   \r\n   \r\n      \r\n\r\n\r\n<\/div>\t\t\t\t<\/div>\n\t\t\t\t<\/div>\n\t\t\t\t<div class=\"elementor-element elementor-element-0608825 elementor-widget elementor-widget-gva-icon-box-styles\" data-id=\"0608825\" data-element_type=\"widget\" data-widget_type=\"gva-icon-box-styles.default\">\n\t\t\t\t<div class=\"elementor-widget-container\">\n\t\t\t\t\t<div class=\"gva-element-gva-icon-box-styles gva-element\">\r\n         <div class=\"widget gsc-icon-box-styles style-1\">\r\n         <div class=\"icon-box-top\">\r\n                           <div class=\"icon-inner\">\r\n                          <a href=\"https:\/\/siongard.com\/folder\/sertifikat-o-tehnickoj-zastiti.pdf\">\r\n                             <span class=\"box-icon\">\r\n                        <i aria-hidden=\"true\" class=\"far fa-file-pdf\"><\/i>                     <\/span>\r\n                  <\/a>               <\/div>\r\n            \r\n                           <h3 class=\"title\">\r\n                          <a href=\"https:\/\/siongard.com\/folder\/sertifikat-o-tehnickoj-zastiti.pdf\">\r\n                             Certification \u2013 Technical protection                  <\/a>               <\/h3>\r\n                     <\/div>   \r\n      <\/div> \r\n   \r\n   \r\n      \r\n\r\n\r\n<\/div>\t\t\t\t<\/div>\n\t\t\t\t<\/div>\n\t\t\t\t<div class=\"elementor-element elementor-element-2df1cfc elementor-widget elementor-widget-gva-icon-box-styles\" data-id=\"2df1cfc\" data-element_type=\"widget\" data-widget_type=\"gva-icon-box-styles.default\">\n\t\t\t\t<div class=\"elementor-widget-container\">\n\t\t\t\t\t<div class=\"gva-element-gva-icon-box-styles gva-element\">\r\n         <div class=\"widget gsc-icon-box-styles style-1\">\r\n         <div class=\"icon-box-top\">\r\n                           <div class=\"icon-inner\">\r\n                          <a href=\"https:\/\/siongard.com\/folder\/sertifikat-o-menadzmentu-kontrolnog-centra.pdf\">\r\n                             <span class=\"box-icon\">\r\n                        <i aria-hidden=\"true\" class=\"far fa-file-pdf\"><\/i>                     <\/span>\r\n                  <\/a>               <\/div>\r\n            \r\n                           <h3 class=\"title\">\r\n                          <a href=\"https:\/\/siongard.com\/folder\/sertifikat-o-menadzmentu-kontrolnog-centra.pdf\">\r\n                             Sertifikat - menad\u017ement kontrolnog centra                  <\/a>               <\/h3>\r\n                     <\/div>   \r\n      <\/div> \r\n   \r\n   \r\n      \r\n\r\n\r\n<\/div>\t\t\t\t<\/div>\n\t\t\t\t<\/div>\n\t\t\t\t<div class=\"elementor-element elementor-element-6200e0f elementor-widget elementor-widget-gva-icon-box-styles\" data-id=\"6200e0f\" data-element_type=\"widget\" data-widget_type=\"gva-icon-box-styles.default\">\n\t\t\t\t<div class=\"elementor-widget-container\">\n\t\t\t\t\t<div class=\"gva-element-gva-icon-box-styles gva-element\">\r\n         <div class=\"widget gsc-icon-box-styles style-1\">\r\n         <div class=\"icon-box-top\">\r\n                           <div class=\"icon-inner\">\r\n                          <a href=\"https:\/\/siongard.com\/folder\/sertifikat-o-menadzmentu-vrednostima.pdf\">\r\n                             <span class=\"box-icon\">\r\n                        <i aria-hidden=\"true\" class=\"far fa-file-pdf\"><\/i>                     <\/span>\r\n                  <\/a>               <\/div>\r\n            \r\n                           <h3 class=\"title\">\r\n                          <a href=\"https:\/\/siongard.com\/folder\/sertifikat-o-menadzmentu-vrednostima.pdf\">\r\n                             Sertifikat - menad\u017ement vrednostima                  <\/a>               <\/h3>\r\n                     <\/div>   \r\n      <\/div> \r\n   \r\n   \r\n      \r\n\r\n\r\n<\/div>\t\t\t\t<\/div>\n\t\t\t\t<\/div>\n\t\t\t\t<div class=\"elementor-element elementor-element-f4baced elementor-widget elementor-widget-gva-icon-box-styles\" data-id=\"f4baced\" data-element_type=\"widget\" data-widget_type=\"gva-icon-box-styles.default\">\n\t\t\t\t<div class=\"elementor-widget-container\">\n\t\t\t\t\t<div class=\"gva-element-gva-icon-box-styles gva-element\">\r\n         <div class=\"widget gsc-icon-box-styles style-1\">\r\n         <div class=\"icon-box-top\">\r\n                           <div class=\"icon-inner\">\r\n                          <a href=\"https:\/\/siongard.com\/folder\/sertifikat-o-menadzmentu-vrednostima-srps-al-002.pdf\">\r\n                             <span class=\"box-icon\">\r\n                        <i aria-hidden=\"true\" class=\"far fa-file-pdf\"><\/i>                     <\/span>\r\n                  <\/a>               <\/div>\r\n            \r\n                           <h3 class=\"title\">\r\n                          <a href=\"https:\/\/siongard.com\/folder\/sertifikat-o-menadzmentu-vrednostima-srps-al-002.pdf\">\r\n                             Sertifikat - menad\u017ement vrednostima srps al.002                  <\/a>               <\/h3>\r\n                     <\/div>   \r\n      <\/div> \r\n   \r\n   \r\n      \r\n\r\n\r\n<\/div>\t\t\t\t<\/div>\n\t\t\t\t<\/div>\n\t\t\t\t<div class=\"elementor-element elementor-element-74c41e7 elementor-widget elementor-widget-gva-icon-box-styles\" data-id=\"74c41e7\" data-element_type=\"widget\" data-widget_type=\"gva-icon-box-styles.default\">\n\t\t\t\t<div class=\"elementor-widget-container\">\n\t\t\t\t\t<div class=\"gva-element-gva-icon-box-styles gva-element\">\r\n         <div class=\"widget gsc-icon-box-styles style-1\">\r\n         <div class=\"icon-box-top\">\r\n                           <div class=\"icon-inner\">\r\n                          <a href=\"https:\/\/siongard.com\/folder\/bezbednosni-sertifikat.pdf\">\r\n                             <span class=\"box-icon\">\r\n                        <i aria-hidden=\"true\" class=\"far fa-file-pdf\"><\/i>                     <\/span>\r\n                  <\/a>               <\/div>\r\n            \r\n                           <h3 class=\"title\">\r\n                          <a href=\"https:\/\/siongard.com\/folder\/bezbednosni-sertifikat.pdf\">\r\n                             Certificate - Security Certificate for Access to Classified Information of the \"CONFIDENTIAL\" Level                  <\/a>               <\/h3>\r\n                     <\/div>   \r\n      <\/div> \r\n   \r\n   \r\n      \r\n\r\n\r\n<\/div>\t\t\t\t<\/div>\n\t\t\t\t<\/div>\n\t\t\t\t\t<\/div>\n\t\t<\/div>\n\t\t\t\t\t<\/div>\n\t\t<\/section>\n\t\t\t\t<\/div>","protected":false},"excerpt":{"rendered":"<p>Sertifikat &#8211; Fizi\u010dka lica Sertifikat &#8211; Tehni\u010dka za\u0161tita Sertifikat &#8211; menad\u017ement kontrolnog centra Sertifikat &#8211; menad\u017ement vrednostima Sertifikat &#8211; menad\u017ement vrednostima srps al.002 Sertifikat &#8211; Bezbednosni sertifikat za pristup tajnim [&hellip;]<\/p>","protected":false},"author":7,"featured_media":0,"parent":0,"menu_order":0,"comment_status":"closed","ping_status":"closed","template":"","meta":{"footnotes":""},"class_list":["post-8521","page","type-page","status-publish","hentry"],"_links":{"self":[{"href":"https:\/\/siongard.com\/en\/wp-json\/wp\/v2\/pages\/8521","targetHints":{"allow":["GET"]}}],"collection":[{"href":"https:\/\/siongard.com\/en\/wp-json\/wp\/v2\/pages"}],"about":[{"href":"https:\/\/siongard.com\/en\/wp-json\/wp\/v2\/types\/page"}],"author":[{"embeddable":true,"href":"https:\/\/siongard.com\/en\/wp-json\/wp\/v2\/users\/7"}],"replies":[{"embeddable":true,"href":"https:\/\/siongard.com\/en\/wp-json\/wp\/v2\/comments?post=8521"}],"version-history":[{"count":23,"href":"https:\/\/siongard.com\/en\/wp-json\/wp\/v2\/pages\/8521\/revisions"}],"predecessor-version":[{"id":8909,"href":"https:\/\/siongard.com\/en\/wp-json\/wp\/v2\/pages\/8521\/revisions\/8909"}],"wp:attachment":[{"href":"https:\/\/siongard.com\/en\/wp-json\/wp\/v2\/media?parent=8521"}],"curies":[{"name":"wp","href":"https:\/\/api.w.org\/{rel}","templated":true}]}}