{"id":8923,"date":"2023-09-25T08:49:35","date_gmt":"2023-09-25T07:49:35","guid":{"rendered":"https:\/\/siongard.com\/?page_id=8923"},"modified":"2025-03-05T21:03:42","modified_gmt":"2025-03-05T20:03:42","slug":"sertifikati-i-standardi","status":"publish","type":"page","link":"https:\/\/siongard.com\/en\/sertifikati-i-standardi\/","title":{"rendered":"Certificates and standards"},"content":{"rendered":"<div data-elementor-type=\"wp-post\" data-elementor-id=\"8923\" class=\"elementor elementor-8923\">\n\t\t\t\t\t\t<section class=\"elementor-section elementor-top-section elementor-element elementor-element-fc6d21b elementor-section-boxed elementor-section-height-default elementor-section-height-default\" data-id=\"fc6d21b\" data-element_type=\"section\">\n\t\t\t\t\t\t<div class=\"elementor-container elementor-column-gap-default\">\n\t\t\t\t\t<div class=\"elementor-column elementor-col-100 elementor-top-column elementor-element elementor-element-3e35cda column-style-top\" data-id=\"3e35cda\" data-element_type=\"column\">\n\t\t\t<div class=\"elementor-widget-wrap elementor-element-populated\">\n\t\t\t\t\t\t<div class=\"elementor-element elementor-element-41f4cf4 elementor-widget elementor-widget-image\" data-id=\"41f4cf4\" data-element_type=\"widget\" data-widget_type=\"image.default\">\n\t\t\t\t<div class=\"elementor-widget-container\">\n\t\t\t\t\t\t\t\t\t\t\t\t\t\t\t<img fetchpriority=\"high\" decoding=\"async\" width=\"467\" height=\"108\" src=\"https:\/\/siongard.com\/wp-content\/uploads\/2023\/09\/ser2s.png\" class=\"attachment-large size-large wp-image-8932\" alt=\"\" \/>\t\t\t\t\t\t\t\t\t\t\t\t\t\t\t<\/div>\n\t\t\t\t<\/div>\n\t\t\t\t\t<\/div>\n\t\t<\/div>\n\t\t\t\t\t<\/div>\n\t\t<\/section>\n\t\t\t\t<section class=\"elementor-section elementor-top-section elementor-element elementor-element-f128c41 elementor-section-boxed elementor-section-height-default elementor-section-height-default\" data-id=\"f128c41\" data-element_type=\"section\">\n\t\t\t\t\t\t<div class=\"elementor-container elementor-column-gap-default\">\n\t\t\t\t\t<div class=\"elementor-column elementor-col-50 elementor-top-column elementor-element elementor-element-97e4865 column-style-top\" data-id=\"97e4865\" data-element_type=\"column\">\n\t\t\t<div class=\"elementor-widget-wrap elementor-element-populated\">\n\t\t\t\t\t\t<div class=\"elementor-element elementor-element-74c41e7 elementor-widget elementor-widget-gva-icon-box-styles\" data-id=\"74c41e7\" data-element_type=\"widget\" data-widget_type=\"gva-icon-box-styles.default\">\n\t\t\t\t<div class=\"elementor-widget-container\">\n\t\t\t\t\t<div class=\"gva-element-gva-icon-box-styles gva-element\">\r\n         <div class=\"widget gsc-icon-box-styles style-1\">\r\n         <div class=\"icon-box-top\">\r\n                           <div class=\"icon-inner\">\r\n                          <a href=\"https:\/\/siongard.com\/folder\/bezbednosni-sertifikat.pdf\">\r\n                             <span class=\"box-icon\">\r\n                        <i aria-hidden=\"true\" class=\"far fa-file-pdf\"><\/i>                     <\/span>\r\n                  <\/a>               <\/div>\r\n            \r\n                           <h3 class=\"title\">\r\n                          <a href=\"https:\/\/siongard.com\/folder\/bezbednosni-sertifikat.pdf\">\r\n                             Certificate - Security Certificate for Access to Classified Information of the \"CONFIDENTIAL\" Level                  <\/a>               <\/h3>\r\n                     <\/div>   \r\n      <\/div> \r\n   \r\n   \r\n      \r\n\r\n\r\n<\/div>\t\t\t\t<\/div>\n\t\t\t\t<\/div>\n\t\t\t\t<div class=\"elementor-element elementor-element-3682fb4 elementor-widget elementor-widget-gva-icon-box-styles\" data-id=\"3682fb4\" data-element_type=\"widget\" data-widget_type=\"gva-icon-box-styles.default\">\n\t\t\t\t<div class=\"elementor-widget-container\">\n\t\t\t\t\t<div class=\"gva-element-gva-icon-box-styles gva-element\">\r\n         <div class=\"widget gsc-icon-box-styles style-1\">\r\n         <div class=\"icon-box-top\">\r\n                           <div class=\"icon-inner\">\r\n                          <a href=\"https:\/\/siongard.com\/folder\/sertifikat-o-fizickoj-zastiti.pdf\">\r\n                             <span class=\"box-icon\">\r\n                        <i aria-hidden=\"true\" class=\"far fa-file-pdf\"><\/i>                     <\/span>\r\n                  <\/a>               <\/div>\r\n            \r\n                           <h3 class=\"title\">\r\n                          <a href=\"https:\/\/siongard.com\/folder\/sertifikat-o-fizickoj-zastiti.pdf\">\r\n                             Certificate \u2013 Physical protection                  <\/a>               <\/h3>\r\n                     <\/div>   \r\n      <\/div> \r\n   \r\n   \r\n      \r\n\r\n\r\n<\/div>\t\t\t\t<\/div>\n\t\t\t\t<\/div>\n\t\t\t\t<div class=\"elementor-element elementor-element-0608825 elementor-widget elementor-widget-gva-icon-box-styles\" data-id=\"0608825\" data-element_type=\"widget\" data-widget_type=\"gva-icon-box-styles.default\">\n\t\t\t\t<div class=\"elementor-widget-container\">\n\t\t\t\t\t<div class=\"gva-element-gva-icon-box-styles gva-element\">\r\n         <div class=\"widget gsc-icon-box-styles style-1\">\r\n         <div class=\"icon-box-top\">\r\n                           <div class=\"icon-inner\">\r\n                          <a href=\"https:\/\/siongard.com\/folder\/sertifikat-o-tehnickoj-zastiti.pdf\">\r\n                             <span class=\"box-icon\">\r\n                        <i aria-hidden=\"true\" class=\"far fa-file-pdf\"><\/i>                     <\/span>\r\n                  <\/a>               <\/div>\r\n            \r\n                           <h3 class=\"title\">\r\n                          <a href=\"https:\/\/siongard.com\/folder\/sertifikat-o-tehnickoj-zastiti.pdf\">\r\n                             Certification \u2013 Technical protection                  <\/a>               <\/h3>\r\n                     <\/div>   \r\n      <\/div> \r\n   \r\n   \r\n      \r\n\r\n\r\n<\/div>\t\t\t\t<\/div>\n\t\t\t\t<\/div>\n\t\t\t\t<div class=\"elementor-element elementor-element-2df1cfc elementor-widget elementor-widget-gva-icon-box-styles\" data-id=\"2df1cfc\" data-element_type=\"widget\" data-widget_type=\"gva-icon-box-styles.default\">\n\t\t\t\t<div class=\"elementor-widget-container\">\n\t\t\t\t\t<div class=\"gva-element-gva-icon-box-styles gva-element\">\r\n         <div class=\"widget gsc-icon-box-styles style-1\">\r\n         <div class=\"icon-box-top\">\r\n                           <div class=\"icon-inner\">\r\n                          <a href=\"https:\/\/siongard.com\/folder\/sertifikat-o-menadzmentu-kontrolnog-centra.pdf\">\r\n                             <span class=\"box-icon\">\r\n                        <i aria-hidden=\"true\" class=\"far fa-file-pdf\"><\/i>                     <\/span>\r\n                  <\/a>               <\/div>\r\n            \r\n                           <h3 class=\"title\">\r\n                          <a href=\"https:\/\/siongard.com\/folder\/sertifikat-o-menadzmentu-kontrolnog-centra.pdf\">\r\n                             Certification - Management from the control center                  <\/a>               <\/h3>\r\n                     <\/div>   \r\n      <\/div> \r\n   \r\n   \r\n      \r\n\r\n\r\n<\/div>\t\t\t\t<\/div>\n\t\t\t\t<\/div>\n\t\t\t\t<div class=\"elementor-element elementor-element-af72a2f elementor-widget elementor-widget-gva-icon-box-styles\" data-id=\"af72a2f\" data-element_type=\"widget\" data-widget_type=\"gva-icon-box-styles.default\">\n\t\t\t\t<div class=\"elementor-widget-container\">\n\t\t\t\t\t<div class=\"gva-element-gva-icon-box-styles gva-element\">\r\n         <div class=\"widget gsc-icon-box-styles style-1\">\r\n         <div class=\"icon-box-top\">\r\n                           <div class=\"icon-inner\">\r\n                          <a href=\"https:\/\/siongard.com\/folder\/sertifikat-pks-menadzment-vrednostima.pdf\">\r\n                             <span class=\"box-icon\">\r\n                        <i aria-hidden=\"true\" class=\"far fa-file-pdf\"><\/i>                     <\/span>\r\n                  <\/a>               <\/div>\r\n            \r\n                           <h3 class=\"title\">\r\n                          <a href=\"https:\/\/siongard.com\/folder\/sertifikat-pks-menadzment-vrednostima.pdf\">\r\n                             Certificate - Value management - value transport                  <\/a>               <\/h3>\r\n                     <\/div>   \r\n      <\/div> \r\n   \r\n   \r\n      \r\n\r\n\r\n<\/div>\t\t\t\t<\/div>\n\t\t\t\t<\/div>\n\t\t\t\t\t<\/div>\n\t\t<\/div>\n\t\t\t\t<div class=\"elementor-column elementor-col-50 elementor-top-column elementor-element elementor-element-db10661 column-style-top\" data-id=\"db10661\" data-element_type=\"column\">\n\t\t\t<div class=\"elementor-widget-wrap elementor-element-populated\">\n\t\t\t\t\t\t<div class=\"elementor-element elementor-element-827138d elementor-widget elementor-widget-text-editor\" data-id=\"827138d\" data-element_type=\"widget\" data-widget_type=\"text-editor.default\">\n\t\t\t\t<div class=\"elementor-widget-container\">\n\t\t\t\t\t\t\t\t\t<p><strong>INTERNATIONAL STANDARDS<\/strong><\/p><p>ISO 9001 \u2013 Quality Management System<\/p><p>ISO 14001 \u2013 Environmental Management System<\/p><p>ISO 45001 \u2013 Occupational Health and Safety Management System<\/p><p>ISO 27001 \u2013 Information Security Management System<\/p><p>ISO 28000 \u2013 Supply Chain Security Management System<\/p><p>ISO 22301 \u2013 Business Continuity Management System<\/p><p>ISO 31000 \u2013 Risk Management System<\/p><p>ISO 10002 \u2013 Quality Management System \u2013 Customer Satisfaction<\/p><p>ISO 45005 \u2013 Occupational Health and Safety Management System \u2013 COVID-19<\/p>\t\t\t\t\t\t\t\t<\/div>\n\t\t\t\t<\/div>\n\t\t\t\t\t<\/div>\n\t\t<\/div>\n\t\t\t\t\t<\/div>\n\t\t<\/section>\n\t\t\t\t<\/div>","protected":false},"excerpt":{"rendered":"<p>Sertifikat &#8211; Bezbednosni sertifikat za pristup tajnim podacima stepena &#8222;POVERLJIVO&#8220; Sertifikat &#8211; Fizi\u010dka za\u0161tita Sertifikat &#8211; Tehni\u010dka za\u0161tita Sertifikat &#8211; Menad\u017ement iz kontrolnog centra Sertifikat &#8211; Menad\u017ement vrednostima &#8211; transport [&hellip;]<\/p>","protected":false},"author":7,"featured_media":0,"parent":0,"menu_order":0,"comment_status":"closed","ping_status":"closed","template":"","meta":{"footnotes":""},"class_list":["post-8923","page","type-page","status-publish","hentry"],"_links":{"self":[{"href":"https:\/\/siongard.com\/en\/wp-json\/wp\/v2\/pages\/8923","targetHints":{"allow":["GET"]}}],"collection":[{"href":"https:\/\/siongard.com\/en\/wp-json\/wp\/v2\/pages"}],"about":[{"href":"https:\/\/siongard.com\/en\/wp-json\/wp\/v2\/types\/page"}],"author":[{"embeddable":true,"href":"https:\/\/siongard.com\/en\/wp-json\/wp\/v2\/users\/7"}],"replies":[{"embeddable":true,"href":"https:\/\/siongard.com\/en\/wp-json\/wp\/v2\/comments?post=8923"}],"version-history":[{"count":22,"href":"https:\/\/siongard.com\/en\/wp-json\/wp\/v2\/pages\/8923\/revisions"}],"predecessor-version":[{"id":9203,"href":"https:\/\/siongard.com\/en\/wp-json\/wp\/v2\/pages\/8923\/revisions\/9203"}],"wp:attachment":[{"href":"https:\/\/siongard.com\/en\/wp-json\/wp\/v2\/media?parent=8923"}],"curies":[{"name":"wp","href":"https:\/\/api.w.org\/{rel}","templated":true}]}}